{"id":5771,"date":"2024-01-02T12:04:29","date_gmt":"2024-01-02T12:04:29","guid":{"rendered":"https:\/\/cfpt.pt\/?page_id=5771"},"modified":"2026-01-08T11:02:19","modified_gmt":"2026-01-08T11:02:19","slug":"cfmoto","status":"publish","type":"page","link":"https:\/\/cfpt.pt\/en\/veiculos\/cfmoto\/","title":{"rendered":"cfmoto"},"content":{"rendered":"<p><div class=\"fusion-fullwidth fullwidth-box fusion-builder-row-1 fusion-flex-container fusion-parallax-none hundred-percent-fullwidth non-hundred-percent-height-scrolling lazyload\" style=\"--awb-border-radius-top-left:0px;--awb-border-radius-top-right:0px;--awb-border-radius-bottom-right:0px;--awb-border-radius-bottom-left:0px;--awb-min-height:400px;--awb-background-size:cover;--awb-flex-wrap:wrap;\" data-bg=\"https:\/\/cfpt.pt\/wp-content\/uploads\/2024\/01\/800MT-EXPLORE-3-scaled-e1704217420196.jpg\" ><div class=\"fusion-builder-row fusion-row fusion-flex-align-items-flex-start fusion-flex-justify-content-center fusion-flex-content-wrap\" style=\"width:104% !important;max-width:104% !important;margin-left: calc(-4% \/ 2 );margin-right: calc(-4% \/ 2 );\"><\/div><\/div><div class=\"fusion-fullwidth fullwidth-box fusion-builder-row-2 fusion-flex-container nonhundred-percent-fullwidth non-hundred-percent-height-scrolling\" style=\"--awb-border-radius-top-left:0px;--awb-border-radius-top-right:0px;--awb-border-radius-bottom-right:0px;--awb-border-radius-bottom-left:0px;--awb-padding-top:48px;--awb-padding-bottom:48px;--awb-padding-top-medium:80px;--awb-padding-top-small:60px;--awb-padding-bottom-small:20px;--awb-flex-wrap:wrap;\" ><div class=\"fusion-builder-row fusion-row fusion-flex-align-items-stretch fusion-flex-content-wrap\" style=\"max-width:1310.4px;margin-left: calc(-4% \/ 2 );margin-right: calc(-4% \/ 2 );\"><div class=\"fusion-layout-column fusion_builder_column fusion-builder-column-0 fusion_builder_column_1_3 1_3 fusion-flex-column fusion-flex-align-self-flex-start\" style=\"--awb-bg-position:center top;--awb-bg-size:cover;--awb-width-large:33.333333333333%;--awb-margin-top-large:10px;--awb-spacing-right-large:5.76%;--awb-margin-bottom-large:10px;--awb-spacing-left-large:5.76%;--awb-width-medium:50%;--awb-order-medium:0;--awb-spacing-right-medium:3.84%;--awb-spacing-left-medium:3.84%;--awb-width-small:100%;--awb-order-small:0;--awb-spacing-right-small:1.92%;--awb-spacing-left-small:1.92%;\"><div class=\"fusion-column-wrapper fusion-column-has-shadow fusion-flex-justify-content-center fusion-content-layout-column\"><div class=\"fusion-image-element\" style=\"--awb-caption-title-font-family:var(--h2_typography-font-family);--awb-caption-title-font-weight:var(--h2_typography-font-weight);--awb-caption-title-font-style:var(--h2_typography-font-style);--awb-caption-title-size:var(--h2_typography-font-size);--awb-caption-title-transform:var(--h2_typography-text-transform);--awb-caption-title-line-height:var(--h2_typography-line-height);--awb-caption-title-letter-spacing:var(--h2_typography-letter-spacing);\"><span class=\"fusion-imageframe imageframe-none imageframe-1 hover-type-none\"><img decoding=\"async\" width=\"1366\" height=\"512\" src=\"https:\/\/cfpt.pt\/wp-content\/uploads\/2023\/11\/cfpt_cfmoto_logo.png\" data-orig-src=\"https:\/\/cfpt.pt\/wp-content\/uploads\/2023\/11\/cfpt_cfmoto_logo.png\" alt class=\"lazyload img-responsive wp-image-5734\" srcset=\"data:image\/svg+xml,%3Csvg%20xmlns%3D%27http%3A%2F%2Fwww.w3.org%2F2000%2Fsvg%27%20width%3D%271366%27%20height%3D%27512%27%20viewBox%3D%270%200%201366%20512%27%3E%3Crect%20width%3D%271366%27%20height%3D%27512%27%20fill-opacity%3D%220%22%2F%3E%3C%2Fsvg%3E\" data-srcset=\"https:\/\/cfpt.pt\/wp-content\/uploads\/2023\/11\/cfpt_cfmoto_logo-200x75.png 200w, https:\/\/cfpt.pt\/wp-content\/uploads\/2023\/11\/cfpt_cfmoto_logo-400x150.png 400w, https:\/\/cfpt.pt\/wp-content\/uploads\/2023\/11\/cfpt_cfmoto_logo-600x225.png 600w, https:\/\/cfpt.pt\/wp-content\/uploads\/2023\/11\/cfpt_cfmoto_logo-800x300.png 800w, https:\/\/cfpt.pt\/wp-content\/uploads\/2023\/11\/cfpt_cfmoto_logo-1200x450.png 1200w, https:\/\/cfpt.pt\/wp-content\/uploads\/2023\/11\/cfpt_cfmoto_logo.png 1366w\" data-sizes=\"auto\" data-orig-sizes=\"(max-width: 640px) 100vw, 400px\" \/><\/span><\/div><\/div><\/div><div class=\"fusion-layout-column fusion_builder_column fusion-builder-column-1 fusion_builder_column_2_3 2_3 fusion-flex-column\" style=\"--awb-bg-size:cover;--awb-width-large:66.666666666667%;--awb-margin-top-large:20px;--awb-spacing-right-large:11.52%;--awb-margin-bottom-large:20px;--awb-spacing-left-large:8.64%;--awb-width-medium:50%;--awb-order-medium:0;--awb-spacing-right-medium:15.36%;--awb-spacing-left-medium:11.52%;--awb-width-small:100%;--awb-order-small:0;--awb-spacing-right-small:1.92%;--awb-margin-bottom-small:0px;--awb-spacing-left-small:1.92%;\"><div class=\"fusion-column-wrapper fusion-column-has-shadow fusion-flex-justify-content-center fusion-content-layout-column\"><div class=\"fusion-text fusion-text-1\"><p>Fundada em 1989, a CFMOTO, tem como valores centrais a qualidade, a divers\u00e3o e produtos acess\u00edveis a todos. Produzimos ATV\u2019s, UTV\u2019s, SSV\u2019s e Motociclos confi\u00e1veis que est\u00e3o equipados com tecnologia de ponta e recursos de alta qualidade. Os nossos ve\u00edculos combinam um estilo atraente com t\u00e9cnicas de produ\u00e7\u00e3o de \u00faltima gera\u00e7\u00e3o, demonstrando ter um fant\u00e1stico custo-benef\u00edcio, oferecendo divers\u00e3o a clientes em todo o mundo.<\/p>\n<\/div><div class=\"fusion-separator fusion-full-width-sep\" style=\"align-self: center;margin-left: auto;margin-right: auto;margin-top:20px;margin-bottom:10px;width:100%;\"><\/div><div class=\"fusion-builder-row fusion-builder-row-inner fusion-row fusion-flex-align-items-stretch fusion-flex-content-wrap\" style=\"width:104% !important;max-width:104% !important;margin-left: calc(-4% \/ 2 );margin-right: calc(-4% \/ 2 );\"><div class=\"fusion-layout-column fusion_builder_column_inner fusion-builder-nested-column-0 fusion_builder_column_inner_1_4 1_4 fusion-flex-column\" style=\"--awb-bg-size:cover;--awb-width-large:25%;--awb-margin-top-large:20px;--awb-spacing-right-large:7.68%;--awb-margin-bottom-large:20px;--awb-spacing-left-large:7.68%;--awb-width-medium:25%;--awb-order-medium:0;--awb-spacing-right-medium:7.68%;--awb-spacing-left-medium:7.68%;--awb-width-small:100%;--awb-order-small:0;--awb-spacing-right-small:1.92%;--awb-spacing-left-small:1.92%;\"><div class=\"fusion-column-wrapper fusion-column-has-shadow fusion-flex-justify-content-flex-start fusion-content-layout-column\"><a class=\"fb-icon-element-1 fb-icon-element fontawesome-icon icon-accountant-international circle-no fusion-link icon-hover-animation-slide\" style=\"--awb-iconcolor-hover:var(--awb-color6);--awb-font-size:32px;--awb-margin-top:0;--awb-margin-right:0;--awb-margin-bottom:0;--awb-margin-left:0;--awb-align-self:center;\" href=\"https:\/\/www.cf-moto.pt\" target=\"_blank\" aria-label=\"Link to https:\/\/www.cf-moto.pt\" rel=\"noopener noreferrer\"><\/a><div class=\"fusion-title title fusion-title-1 fusion-sep-none fusion-title-center fusion-title-text fusion-title-size-five\"><h5 class=\"fusion-title-heading title-heading-center fusion-responsive-typography-calculated\" style=\"margin:0;--fontSize:20;--minFontSize:20;line-height:1.4;\"><a href=\"https:\/\/www.cf-moto.pt\" class=\"awb-custom-text-color awb-custom-text-hover-color\" target=\"_blank\">Website<\/a><\/h5><\/div><\/div><\/div><div class=\"fusion-layout-column fusion_builder_column_inner fusion-builder-nested-column-1 fusion_builder_column_inner_1_4 1_4 fusion-flex-column\" style=\"--awb-bg-size:cover;--awb-width-large:25%;--awb-margin-top-large:20px;--awb-spacing-right-large:7.68%;--awb-margin-bottom-large:20px;--awb-spacing-left-large:7.68%;--awb-width-medium:25%;--awb-order-medium:0;--awb-spacing-right-medium:7.68%;--awb-spacing-left-medium:7.68%;--awb-width-small:100%;--awb-order-small:0;--awb-spacing-right-small:1.92%;--awb-spacing-left-small:1.92%;\"><div class=\"fusion-column-wrapper fusion-column-has-shadow fusion-flex-justify-content-flex-start fusion-content-layout-column\"><a class=\"fb-icon-element-2 fb-icon-element fontawesome-icon icon-accountant-map circle-no fusion-link icon-hover-animation-slide\" style=\"--awb-iconcolor-hover:var(--awb-color6);--awb-font-size:32px;--awb-margin-top:0;--awb-margin-right:0;--awb-margin-bottom:0;--awb-margin-left:0;--awb-align-self:center;\" href=\"https:\/\/cf-moto.pt\/concessionarios\/\" target=\"_blank\" aria-label=\"Link to https:\/\/cf-moto.pt\/concessionarios\/\" rel=\"noopener noreferrer\"><\/a><div class=\"fusion-title title fusion-title-2 fusion-sep-none fusion-title-center fusion-title-text fusion-title-size-five\"><h5 class=\"fusion-title-heading title-heading-center fusion-responsive-typography-calculated\" style=\"margin:0;--fontSize:20;--minFontSize:20;line-height:1.4;\"><a href=\"https:\/\/cf-moto.pt\/concessionarios\/\" class=\"awb-custom-text-color awb-custom-text-hover-color\" target=\"_blank\">Dealers<\/a><\/h5><\/div><\/div><\/div><\/div><\/div><\/div><\/div><\/div><div class=\"fusion-fullwidth fullwidth-box fusion-builder-row-3 fusion-flex-container nonhundred-percent-fullwidth non-hundred-percent-height-scrolling\" style=\"--awb-border-radius-top-left:0px;--awb-border-radius-top-right:0px;--awb-border-radius-bottom-right:0px;--awb-border-radius-bottom-left:0px;--awb-padding-top:94px;--awb-padding-bottom:-20px;--awb-padding-top-medium:60px;--awb-padding-bottom-medium:60px;--awb-background-color:#f9fafb;--awb-flex-wrap:wrap;\" ><div class=\"fusion-builder-row fusion-row fusion-flex-align-items-stretch fusion-flex-justify-content-center fusion-flex-content-wrap\" style=\"max-width:1310.4px;margin-left: calc(-4% \/ 2 );margin-right: calc(-4% \/ 2 );\"><div class=\"fusion-layout-column fusion_builder_column fusion-builder-column-2 fusion_builder_column_1_4 1_4 fusion-flex-column fusion-no-small-visibility fusion-no-medium-visibility\" style=\"--awb-bg-size:cover;--awb-width-large:25%;--awb-margin-top-large:20px;--awb-spacing-right-large:7.68%;--awb-margin-bottom-large:20px;--awb-spacing-left-large:7.68%;--awb-width-medium:25%;--awb-order-medium:0;--awb-spacing-right-medium:7.68%;--awb-spacing-left-medium:7.68%;--awb-width-small:100%;--awb-order-small:0;--awb-spacing-right-small:1.92%;--awb-spacing-left-small:1.92%;\"><div class=\"fusion-column-wrapper fusion-column-has-shadow fusion-flex-justify-content-flex-start fusion-content-layout-column\"><\/div><\/div><div class=\"fusion-layout-column fusion_builder_column fusion-builder-column-3 fusion_builder_column_1_2 1_2 fusion-flex-column\" style=\"--awb-bg-size:cover;--awb-width-large:50%;--awb-margin-top-large:20px;--awb-spacing-right-large:3.84%;--awb-margin-bottom-large:30px;--awb-spacing-left-large:3.84%;--awb-width-medium:66.666666666667%;--awb-order-medium:0;--awb-spacing-right-medium:2.88%;--awb-spacing-left-medium:2.88%;--awb-width-small:100%;--awb-order-small:0;--awb-spacing-right-small:1.92%;--awb-spacing-left-small:1.92%;\"><div class=\"fusion-column-wrapper fusion-column-has-shadow fusion-flex-justify-content-flex-start fusion-content-layout-column\"><div class=\"fusion-title title fusion-title-3 fusion-sep-none fusion-title-center fusion-title-text fusion-title-size-four\" style=\"--awb-text-color:#009bb4;--awb-margin-bottom:16px;\"><h4 class=\"fusion-title-heading title-heading-center fusion-responsive-typography-calculated\" style=\"margin:0;--fontSize:24;--minFontSize:24;line-height:1.42;\">Information<\/h4><\/div><div class=\"fusion-title title fusion-title-4 fusion-sep-none fusion-title-center fusion-title-text fusion-title-size-two\" style=\"--awb-text-color:#009bb4;\"><h2 class=\"fusion-title-heading title-heading-center fusion-responsive-typography-calculated\" style=\"margin:0;--fontSize:48;line-height:1.2;\">Alguma quest\u00e3o sobre a CFMOTO?<\/h2><\/div><div style=\"text-align:center;\"><a class=\"fusion-button button-flat button-large button-default fusion-button-default button-1 fusion-button-default-span fusion-button-default-type\" style=\"--button-border-radius-top-left:0;--button-border-radius-top-right:0;--button-border-radius-bottom-right:0;--button-border-radius-bottom-left:0;\" target=\"_self\" href=\"https:\/\/cfpt.pt\/en\/contactos\/#form\"><span class=\"fusion-button-text awb-button__text awb-button__text--default\">Formul\u00e1rio de Contacto<\/span><\/a><\/div><\/div><\/div><div class=\"fusion-layout-column fusion_builder_column fusion-builder-column-4 fusion_builder_column_1_4 1_4 fusion-flex-column fusion-no-small-visibility fusion-no-medium-visibility\" style=\"--awb-bg-size:cover;--awb-width-large:25%;--awb-margin-top-large:20px;--awb-spacing-right-large:7.68%;--awb-margin-bottom-large:20px;--awb-spacing-left-large:7.68%;--awb-width-medium:25%;--awb-order-medium:0;--awb-spacing-right-medium:7.68%;--awb-spacing-left-medium:7.68%;--awb-width-small:100%;--awb-order-small:0;--awb-spacing-right-small:1.92%;--awb-spacing-left-small:1.92%;\"><div class=\"fusion-column-wrapper fusion-column-has-shadow fusion-flex-justify-content-flex-start fusion-content-layout-column\"><\/div><\/div><\/div><\/div><\/p>","protected":false},"excerpt":{"rendered":"","protected":false},"author":2,"featured_media":0,"parent":1291,"menu_order":0,"comment_status":"closed","ping_status":"closed","template":"100-width.php","meta":{"footnotes":""},"class_list":["post-5771","page","type-page","status-publish","hentry"],"yoast_head":"<!-- This site is optimized with the Yoast SEO plugin v26.9 - https:\/\/yoast.com\/product\/yoast-seo-wordpress\/ -->\n<title>cfmoto - CFPT<\/title>\n<meta name=\"robots\" content=\"index, follow, max-snippet:-1, max-image-preview:large, max-video-preview:-1\" \/>\n<link rel=\"canonical\" href=\"https:\/\/cfpt.pt\/en\/veiculos\/cfmoto\/\" \/>\n<meta property=\"og:locale\" content=\"en_GB\" \/>\n<meta property=\"og:type\" content=\"article\" \/>\n<meta property=\"og:title\" content=\"cfmoto - CFPT\" \/>\n<meta property=\"og:url\" content=\"https:\/\/cfpt.pt\/en\/veiculos\/cfmoto\/\" \/>\n<meta property=\"og:site_name\" content=\"CFPT\" \/>\n<meta property=\"article:modified_time\" content=\"2026-01-08T11:02:19+00:00\" \/>\n<meta name=\"twitter:card\" content=\"summary_large_image\" \/>\n<meta name=\"twitter:label1\" content=\"Estimated reading time\" \/>\n\t<meta name=\"twitter:data1\" content=\"1 minute\" \/>\n<script type=\"application\/ld+json\" class=\"yoast-schema-graph\">{\"@context\":\"https:\/\/schema.org\",\"@graph\":[{\"@type\":\"WebPage\",\"@id\":\"https:\/\/cfpt.pt\/veiculos\/cfmoto\/\",\"url\":\"https:\/\/cfpt.pt\/veiculos\/cfmoto\/\",\"name\":\"cfmoto - CFPT\",\"isPartOf\":{\"@id\":\"https:\/\/cfpt.pt\/#website\"},\"datePublished\":\"2024-01-02T12:04:29+00:00\",\"dateModified\":\"2026-01-08T11:02:19+00:00\",\"breadcrumb\":{\"@id\":\"https:\/\/cfpt.pt\/veiculos\/cfmoto\/#breadcrumb\"},\"inLanguage\":\"en-GB\",\"potentialAction\":[{\"@type\":\"ReadAction\",\"target\":[\"https:\/\/cfpt.pt\/veiculos\/cfmoto\/\"]}]},{\"@type\":\"BreadcrumbList\",\"@id\":\"https:\/\/cfpt.pt\/veiculos\/cfmoto\/#breadcrumb\",\"itemListElement\":[{\"@type\":\"ListItem\",\"position\":1,\"name\":\"In\u00edcio\",\"item\":\"https:\/\/cfpt.pt\/\"},{\"@type\":\"ListItem\",\"position\":2,\"name\":\"Ve\u00edculos\",\"item\":\"https:\/\/cfpt.pt\/veiculos\/\"},{\"@type\":\"ListItem\",\"position\":3,\"name\":\"cfmoto\"}]},{\"@type\":\"WebSite\",\"@id\":\"https:\/\/cfpt.pt\/#website\",\"url\":\"https:\/\/cfpt.pt\/\",\"name\":\"CFPT\",\"description\":\"Solu\u00e7\u00f5es de Mobilidade\",\"potentialAction\":[{\"@type\":\"SearchAction\",\"target\":{\"@type\":\"EntryPoint\",\"urlTemplate\":\"https:\/\/cfpt.pt\/?s={search_term_string}\"},\"query-input\":{\"@type\":\"PropertyValueSpecification\",\"valueRequired\":true,\"valueName\":\"search_term_string\"}}],\"inLanguage\":\"en-GB\"}]}<\/script>\n<!-- \/ Yoast SEO plugin. -->","yoast_head_json":{"title":"cfmoto - CFPT","robots":{"index":"index","follow":"follow","max-snippet":"max-snippet:-1","max-image-preview":"max-image-preview:large","max-video-preview":"max-video-preview:-1"},"canonical":"https:\/\/cfpt.pt\/en\/veiculos\/cfmoto\/","og_locale":"en_GB","og_type":"article","og_title":"cfmoto - CFPT","og_url":"https:\/\/cfpt.pt\/en\/veiculos\/cfmoto\/","og_site_name":"CFPT","article_modified_time":"2026-01-08T11:02:19+00:00","twitter_card":"summary_large_image","twitter_misc":{"Estimated reading time":"1 minute"},"schema":{"@context":"https:\/\/schema.org","@graph":[{"@type":"WebPage","@id":"https:\/\/cfpt.pt\/veiculos\/cfmoto\/","url":"https:\/\/cfpt.pt\/veiculos\/cfmoto\/","name":"cfmoto - CFPT","isPartOf":{"@id":"https:\/\/cfpt.pt\/#website"},"datePublished":"2024-01-02T12:04:29+00:00","dateModified":"2026-01-08T11:02:19+00:00","breadcrumb":{"@id":"https:\/\/cfpt.pt\/veiculos\/cfmoto\/#breadcrumb"},"inLanguage":"en-GB","potentialAction":[{"@type":"ReadAction","target":["https:\/\/cfpt.pt\/veiculos\/cfmoto\/"]}]},{"@type":"BreadcrumbList","@id":"https:\/\/cfpt.pt\/veiculos\/cfmoto\/#breadcrumb","itemListElement":[{"@type":"ListItem","position":1,"name":"In\u00edcio","item":"https:\/\/cfpt.pt\/"},{"@type":"ListItem","position":2,"name":"Ve\u00edculos","item":"https:\/\/cfpt.pt\/veiculos\/"},{"@type":"ListItem","position":3,"name":"cfmoto"}]},{"@type":"WebSite","@id":"https:\/\/cfpt.pt\/#website","url":"https:\/\/cfpt.pt\/","name":"CFPT","description":"Solu\u00e7\u00f5es de Mobilidade","potentialAction":[{"@type":"SearchAction","target":{"@type":"EntryPoint","urlTemplate":"https:\/\/cfpt.pt\/?s={search_term_string}"},"query-input":{"@type":"PropertyValueSpecification","valueRequired":true,"valueName":"search_term_string"}}],"inLanguage":"en-GB"}]}},"_links":{"self":[{"href":"https:\/\/cfpt.pt\/en\/wp-json\/wp\/v2\/pages\/5771","targetHints":{"allow":["GET"]}}],"collection":[{"href":"https:\/\/cfpt.pt\/en\/wp-json\/wp\/v2\/pages"}],"about":[{"href":"https:\/\/cfpt.pt\/en\/wp-json\/wp\/v2\/types\/page"}],"author":[{"embeddable":true,"href":"https:\/\/cfpt.pt\/en\/wp-json\/wp\/v2\/users\/2"}],"replies":[{"embeddable":true,"href":"https:\/\/cfpt.pt\/en\/wp-json\/wp\/v2\/comments?post=5771"}],"version-history":[{"count":32,"href":"https:\/\/cfpt.pt\/en\/wp-json\/wp\/v2\/pages\/5771\/revisions"}],"predecessor-version":[{"id":6159,"href":"https:\/\/cfpt.pt\/en\/wp-json\/wp\/v2\/pages\/5771\/revisions\/6159"}],"up":[{"embeddable":true,"href":"https:\/\/cfpt.pt\/en\/wp-json\/wp\/v2\/pages\/1291"}],"wp:attachment":[{"href":"https:\/\/cfpt.pt\/en\/wp-json\/wp\/v2\/media?parent=5771"}],"curies":[{"name":"wp","href":"https:\/\/api.w.org\/{rel}","templated":true}]}}